{"id":361,"date":"2025-10-13T01:24:16","date_gmt":"2025-10-12T23:24:16","guid":{"rendered":"https:\/\/lagladsaxe.dk\/?page_id=361"},"modified":"2026-03-15T11:18:02","modified_gmt":"2026-03-15T10:18:02","slug":"aktuelt","status":"publish","type":"page","link":"https:\/\/lagladsaxe.dk\/?page_id=361","title":{"rendered":"Aktuelt"},"content":{"rendered":"\t\t<div data-elementor-type=\"wp-page\" data-elementor-id=\"361\" class=\"elementor elementor-361\" data-elementor-post-type=\"page\">\n\t\t\t\t<div class=\"elementor-element elementor-element-3ec9c70 e-flex e-con-boxed e-con e-parent\" data-id=\"3ec9c70\" data-element_type=\"container\" data-settings=\"{&quot;background_background&quot;:&quot;classic&quot;}\">\n\t\t\t\t\t<div class=\"e-con-inner\">\n\t\t\t\t<div class=\"elementor-element elementor-element-2267dba elementor-widget elementor-widget-heading\" data-id=\"2267dba\" data-element_type=\"widget\" data-widget_type=\"heading.default\">\n\t\t\t\t\t<h2 class=\"elementor-heading-title elementor-size-default\">Aktuelt<\/h2>\t\t\t\t<\/div>\n\t\t\t\t\t<\/div>\n\t\t\t\t<\/div>\n\t\t<div class=\"elementor-element elementor-element-8f4028d e-flex e-con-boxed e-con e-parent\" data-id=\"8f4028d\" data-element_type=\"container\">\n\t\t\t\t\t<div class=\"e-con-inner\">\n\t\t\t\t<div class=\"elementor-element elementor-element-56e38b6 elementor-widget elementor-widget-heading\" data-id=\"56e38b6\" data-element_type=\"widget\" data-widget_type=\"heading.default\">\n\t\t\t\t\t<h2 class=\"elementor-heading-title elementor-size-default\">Aktuelt<\/h2>\t\t\t\t<\/div>\n\t\t\t\t\t<\/div>\n\t\t\t\t<\/div>\n\t\t<div class=\"elementor-element elementor-element-af91ad9 e-flex e-con-boxed e-con e-parent\" data-id=\"af91ad9\" data-element_type=\"container\">\n\t\t\t\t\t<div class=\"e-con-inner\">\n\t\t\t\t<div class=\"elementor-element elementor-element-8aced61 elementor-widget elementor-widget-text-editor\" data-id=\"8aced61\" data-element_type=\"widget\" data-widget_type=\"text-editor.default\">\n\t\t\t\t\t\t\t\t\t<h1>M\u00f8d storkredsens folketingskandidater i vores omr\u00e5de<\/h1>\t\t\t\t\t\t\t\t<\/div>\n\t\t\t\t\t<\/div>\n\t\t\t\t<\/div>\n\t\t<div class=\"elementor-element elementor-element-dc0b36d e-flex e-con-boxed e-con e-parent\" data-id=\"dc0b36d\" data-element_type=\"container\">\n\t\t\t\t\t<div class=\"e-con-inner\">\n\t\t\t\t<div class=\"elementor-element elementor-element-73e888b elementor-widget elementor-widget-text-editor\" data-id=\"73e888b\" data-element_type=\"widget\" data-widget_type=\"text-editor.default\">\n\t\t\t\t\t\t\t\t\t<h3>Politisk debatarrangement &#8211; Borger med handicap<\/h3><p>Tirsdag den 17. marts kl. 19 &#8211; 21<\/p><p>Kellersvej 14, 2860 S\u00f8borg<\/p>\t\t\t\t\t\t\t\t<\/div>\n\t\t\t\t\t<\/div>\n\t\t\t\t<\/div>\n\t\t<div class=\"elementor-element elementor-element-9b27d83 e-flex e-con-boxed e-con e-parent\" data-id=\"9b27d83\" data-element_type=\"container\">\n\t\t\t\t\t<div class=\"e-con-inner\">\n\t\t\t\t<div class=\"elementor-element elementor-element-c86bd19 elementor-widget elementor-widget-text-editor\" data-id=\"c86bd19\" data-element_type=\"widget\" data-widget_type=\"text-editor.default\">\n\t\t\t\t\t\t\t\t\t<h3>Demokratiets festaften &#8211; Det store v\u00e6lgerm\u00f8de<\/h3><p>Torsdag den 19. marts kl. 18.30 &#8211; 21.30<\/p><p>Bakkeg\u00e5rden &#8211; Taxvej 18, 2880 Bagsv\u00e6rd\u00a0<\/p><p><a href=\"https:\/\/www.facebook.com\/events\/2669485796757708?acontext=%7B%22event_action_history%22%3A[%7B%22mechanism%22%3A%22your_upcoming_events_unit%22%2C%22surface%22%3A%22bookmark%22%7D]%2C%22ref_notif_type%22%3Anull%7D\">Facebook Begivenhed &#8211; Demokratiets aften<\/a><\/p><p>\u00a0<\/p>\t\t\t\t\t\t\t\t<\/div>\n\t\t\t\t\t<\/div>\n\t\t\t\t<\/div>\n\t\t<div class=\"elementor-element elementor-element-4e9e5b2 e-flex e-con-boxed e-con e-parent\" data-id=\"4e9e5b2\" data-element_type=\"container\">\n\t\t\t\t\t<div class=\"e-con-inner\">\n\t\t\t\t<div class=\"elementor-element elementor-element-9929173 elementor-widget elementor-widget-text-editor\" data-id=\"9929173\" data-element_type=\"widget\" data-widget_type=\"text-editor.default\">\n\t\t\t\t\t\t\t\t\t<h3>Morgen-uddeling<\/h3><p>Fredag den 20. marts kl. 7.30 &#8211; 9<\/p><p>Vangede st.\u00a0<\/p>\t\t\t\t\t\t\t\t<\/div>\n\t\t\t\t\t<\/div>\n\t\t\t\t<\/div>\n\t\t<div class=\"elementor-element elementor-element-d8c3c1b e-flex e-con-boxed e-con e-parent\" data-id=\"d8c3c1b\" data-element_type=\"container\">\n\t\t\t\t\t<div class=\"e-con-inner\">\n\t\t\t\t<div class=\"elementor-element elementor-element-5e59156 elementor-widget elementor-widget-text-editor\" data-id=\"5e59156\" data-element_type=\"widget\" data-widget_type=\"text-editor.default\">\n\t\t\t\t\t\t\t\t\t<h3>Kaffe og small talk<\/h3><p>S\u00f8ndag den 22. marts kl. 12 &#8211; 14<\/p><p>Super Brugsen i S\u00f8borg<\/p>\t\t\t\t\t\t\t\t<\/div>\n\t\t\t\t\t<\/div>\n\t\t\t\t<\/div>\n\t\t<div class=\"elementor-element elementor-element-db86cea e-flex e-con-boxed e-con e-parent\" data-id=\"db86cea\" data-element_type=\"container\">\n\t\t\t\t\t<div class=\"e-con-inner\">\n\t\t\t\t<div class=\"elementor-element elementor-element-8c1e9d4 elementor-widget elementor-widget-text-editor\" data-id=\"8c1e9d4\" data-element_type=\"widget\" data-widget_type=\"text-editor.default\">\n\t\t\t\t\t\t\t\t\t<h1 data-start=\"137\" data-end=\"376\">Valget har givet Gladsaxe en ny mulighed<\/h1><p data-start=\"137\" data-end=\"376\">Kommunalvalget har givet Gladsaxe mulighed for at s\u00e6tte en ny retning for byr\u00e5dsarbejdet, og den mulighed er nu blevet omsat til handling gennem en ny konstituering. Efter mange \u00e5r med samme styring markerer valgresultatet et reelt skifte.<\/p><p data-start=\"378\" data-end=\"570\">Vi gik ind i valgkampen med et klart m\u00e5l om at opn\u00e5 st\u00f8rst mulig politisk indflydelse og samtidig arbejde for et egentligt systemskifte. Valget har gjort det muligt at indfri begge ambitioner.<\/p><p data-start=\"572\" data-end=\"850\">Som en del af den nye konstituering indg\u00e5r vi i en bred aftale sammen med C, V, B, SF, \u00d8 og Lokallisten Gladsaxe. Aftalen er indg\u00e5et med respekt for de enkelte partiers politiske st\u00e5steder og forskelligheder og bygger p\u00e5 et f\u00e6lles \u00f8nske om stabilitet, ansvarlighed og udvikling.<\/p><p data-start=\"852\" data-end=\"1128\">Den nye konstituering markerer en mere \u00e5ben og samarbejdende tilgang til arbejdet i byr\u00e5det og til dialogen med borgerne i Gladsaxe. Aftalen viser, at det er muligt at samarbejde p\u00e5 tv\u00e6rs af partier for at finde nye l\u00f8sninger, hvor borgernes behov og inddragelse er i centrum.<\/p><p data-start=\"1130\" data-end=\"1358\">Som led i konstitueringen har partierne peget p\u00e5 Serdal Benli (SF) som ny borgmester i Gladsaxe. Samtidig er der sikret en bred fordeling af udvalgsposterne, s\u00e5 alle partier f\u00e5r ansvar og reel indflydelse p\u00e5 kommunens udvikling.<\/p><p data-start=\"1360\" data-end=\"1582\">Fra 1. januar tiltr\u00e6der vores spidskandidat Jacqueline Kristensen som formand for Omsorgs- og Sundhedsudvalget og som medlem af \u00d8konomiudvalget, B\u00f8rne- og Undervisningsudvalget samt Besk\u00e6ftigelses- og Integrationsudvalget.<\/p><p data-start=\"1584\" data-end=\"1811\">Afslutningsvis vil vi gerne takke alle, der har v\u00e6ret aktive i valgkampen, og ikke mindst alle jer, der har stemt p\u00e5 os og vist os jeres tillid. Det ansvar tager vi alvorligt, og vi vil arbejde m\u00e5lrettet for at leve op til den.<\/p>\t\t\t\t\t\t\t\t<\/div>\n\t\t\t\t\t<\/div>\n\t\t\t\t<\/div>\n\t\t\t\t<\/div>\n\t\t","protected":false},"excerpt":{"rendered":"<p>Aktuelt Aktuelt M\u00f8d storkredsens folketingskandidater i vores omr\u00e5de Politisk debatarrangement &#8211; Borger med handicap Tirsdag den 17. marts kl. 19 &#8211; 21 Kellersvej 14, 2860 S\u00f8borg Demokratiets festaften &#8211; Det store v\u00e6lgerm\u00f8de Torsdag den 19. marts kl. 18.30 &#8211; 21.30 Bakkeg\u00e5rden &#8211; Taxvej 18, 2880 Bagsv\u00e6rd\u00a0 Facebook Begivenhed &#8211; Demokratiets aften \u00a0 Morgen-uddeling Fredag den [&hellip;]<\/p>\n","protected":false},"author":1,"featured_media":0,"parent":0,"menu_order":0,"comment_status":"closed","ping_status":"closed","template":"elementor_header_footer","meta":{"footnotes":""},"class_list":["post-361","page","type-page","status-publish","hentry"],"_links":{"self":[{"href":"https:\/\/lagladsaxe.dk\/index.php?rest_route=\/wp\/v2\/pages\/361","targetHints":{"allow":["GET"]}}],"collection":[{"href":"https:\/\/lagladsaxe.dk\/index.php?rest_route=\/wp\/v2\/pages"}],"about":[{"href":"https:\/\/lagladsaxe.dk\/index.php?rest_route=\/wp\/v2\/types\/page"}],"author":[{"embeddable":true,"href":"https:\/\/lagladsaxe.dk\/index.php?rest_route=\/wp\/v2\/users\/1"}],"replies":[{"embeddable":true,"href":"https:\/\/lagladsaxe.dk\/index.php?rest_route=%2Fwp%2Fv2%2Fcomments&post=361"}],"version-history":[{"count":70,"href":"https:\/\/lagladsaxe.dk\/index.php?rest_route=\/wp\/v2\/pages\/361\/revisions"}],"predecessor-version":[{"id":510,"href":"https:\/\/lagladsaxe.dk\/index.php?rest_route=\/wp\/v2\/pages\/361\/revisions\/510"}],"wp:attachment":[{"href":"https:\/\/lagladsaxe.dk\/index.php?rest_route=%2Fwp%2Fv2%2Fmedia&parent=361"}],"curies":[{"name":"wp","href":"https:\/\/api.w.org\/{rel}","templated":true}]}}